{"id":15,"date":"2023-02-24T20:27:07","date_gmt":"2023-02-24T20:27:07","guid":{"rendered":"https:\/\/tramitesvisas.betto.com.mx\/?page_id=15"},"modified":"2023-03-08T19:26:43","modified_gmt":"2023-03-08T19:26:43","slug":"preguntas-frecuentes","status":"publish","type":"page","link":"https:\/\/tramitesvisas.betto.com.mx\/index.php\/preguntas-frecuentes\/","title":{"rendered":"Preguntas Frecuentes"},"content":{"rendered":"\n<figure class=\"wp-block-image size-large\"><img loading=\"lazy\" decoding=\"async\" width=\"1024\" height=\"576\" src=\"https:\/\/tramitesvisas.betto.com.mx\/wp-content\/uploads\/2023\/03\/Fondo-de-Pantalla-para-PC-Organizador-Notas-Naranja-1-1024x576.png\" alt=\"\" class=\"wp-image-68\" srcset=\"https:\/\/tramitesvisas.betto.com.mx\/wp-content\/uploads\/2023\/03\/Fondo-de-Pantalla-para-PC-Organizador-Notas-Naranja-1-1024x576.png 1024w, https:\/\/tramitesvisas.betto.com.mx\/wp-content\/uploads\/2023\/03\/Fondo-de-Pantalla-para-PC-Organizador-Notas-Naranja-1-300x169.png 300w, https:\/\/tramitesvisas.betto.com.mx\/wp-content\/uploads\/2023\/03\/Fondo-de-Pantalla-para-PC-Organizador-Notas-Naranja-1-768x432.png 768w, https:\/\/tramitesvisas.betto.com.mx\/wp-content\/uploads\/2023\/03\/Fondo-de-Pantalla-para-PC-Organizador-Notas-Naranja-1-1536x864.png 1536w, https:\/\/tramitesvisas.betto.com.mx\/wp-content\/uploads\/2023\/03\/Fondo-de-Pantalla-para-PC-Organizador-Notas-Naranja-1.png 1920w\" sizes=\"auto, (max-width: 1024px) 100vw, 1024px\" \/><\/figure>\n\n\n\n<p class=\"has-text-align-center\"><strong><mark style=\"background-color:rgba(0, 0, 0, 0)\" class=\"has-inline-color has-vivid-red-color\">PREGUNTAS SOBRE EL TR\u00c1MITE<\/mark><\/strong><\/p>\n\n\n\n<p class=\"has-text-align-center\"><\/p>\n\n\n\n<p><strong><mark style=\"background-color:rgba(0, 0, 0, 0)\" class=\"has-inline-color has-vivid-red-color\">\u00bfCu\u00e1nto tiempo tarda el tr\u00e1mite?<\/mark><\/strong><\/p>\n\n\n\n<ul class=\"wp-block-list\">\n<li><strong>Nuestro servicio:<\/strong>&nbsp;24-48 horas.<\/li>\n\n\n\n<li><strong>Disponibilidad de citas:<\/strong>&nbsp;De 1 a 15 d\u00edas seg\u00fan disponibilidad del consulado.<\/li>\n\n\n\n<li><strong>Env\u00edo de visa:<\/strong>&nbsp;De 2 a 4 semanas despu\u00e9s de la entrevista.<\/li>\n\n\n\n<li>Si necesita una visa de emergencia cont\u00e1ctenos para darle una mejor atenci\u00f3n.<\/li>\n<\/ul>\n\n\n\n<p><\/p>\n\n\n\n<p><strong><mark style=\"background-color:rgba(0, 0, 0, 0)\" class=\"has-inline-color has-vivid-red-color\">\u00bfQu\u00e9 probabilidad tengo de obtener mi visa?<\/mark><\/strong><\/p>\n\n\n\n<ul class=\"wp-block-list\">\n<li><strong>Depende de cada caso. La embajada eval\u00faa: su motivo de viaje, el llenado de su expediente, su nivel de estudios, su empleo, su entrevista, etc. Si desea una opini\u00f3n sobre su caso en particular cont\u00e1ctenos.<\/strong><\/li>\n<\/ul>\n\n\n\n<p><\/p>\n\n\n\n<p><strong><mark style=\"background-color:rgba(0, 0, 0, 0)\" class=\"has-inline-color has-vivid-red-color\">\u00bfNecesito propiedades o cuenta del banco?<\/mark><\/strong><\/p>\n\n\n\n<ul class=\"wp-block-list\">\n<li><strong>No es necesario \u00e9ste tipo de documentos, pero si desea llevarlos como apoyo puede hacerlo.<\/strong><\/li>\n<\/ul>\n\n\n\n<p><\/p>\n\n\n\n<p><strong><mark style=\"background-color:rgba(0, 0, 0, 0)\" class=\"has-inline-color has-vivid-red-color\">\u00bfPuedo renovar mi visa antes de que expire?<\/mark><\/strong><\/p>\n\n\n\n<ul class=\"wp-block-list\">\n<li><strong>S\u00ed, puede renovarla y no ser\u00e1 necesario que se presente a entrevista.&nbsp;<\/strong><\/li>\n<\/ul>\n\n\n\n<p><\/p>\n\n\n\n<p><strong><mark style=\"background-color:rgba(0, 0, 0, 0)\" class=\"has-inline-color has-vivid-red-color\">\u00bfTramitan visas de trabajo?<\/mark><\/strong><\/p>\n\n\n\n<ul class=\"wp-block-list\">\n<li><strong>No, \u00fanicamente tramitamos visas de Turismo y Negocios.<\/strong><\/li>\n<\/ul>\n\n\n\n<p><\/p>\n\n\n\n<p><strong><mark style=\"background-color:rgba(0, 0, 0, 0)\" class=\"has-inline-color has-vivid-red-color\">\u00bfQu\u00e9 hago si me negaron la visa?<\/mark><\/strong><\/p>\n\n\n\n<ul class=\"wp-block-list\">\n<li><strong>La decisi\u00f3n del consulado no se puede apelar. Si usted desea volver intentar puede hacerlo aunque le recomendamos esperar al menos 6 meses.<\/strong><\/li>\n<\/ul>\n\n\n\n<p><\/p>\n\n\n\n<p><strong><mark style=\"background-color:rgba(0, 0, 0, 0)\" class=\"has-inline-color has-vivid-red-color\">Si fui deportado \u00bfPuedo tramitar una visa? <\/mark><\/strong><\/p>\n\n\n\n<ul class=\"wp-block-list\">\n<li><strong>Si no tiene ning\u00fan castigo migratorio o ya lo cumpli\u00f3 puede solicitarla. Le recomendamos mencionar sus antecedentes al c\u00f3nsul para no afectar su tr\u00e1mite.<\/strong><\/li>\n<\/ul>\n","protected":false},"excerpt":{"rendered":"<p>PREGUNTAS SOBRE EL TR\u00c1MITE \u00bfCu\u00e1nto tiempo tarda el tr\u00e1mite? \u00bfQu\u00e9 probabilidad tengo de obtener mi visa? \u00bfNecesito propiedades o cuenta del banco? \u00bfPuedo renovar mi visa antes de que expire? \u00bfTramitan visas de trabajo? \u00bfQu\u00e9 hago si me negaron la visa? Si fui deportado \u00bfPuedo tramitar una visa?<\/p>\n","protected":false},"author":1,"featured_media":0,"parent":0,"menu_order":0,"comment_status":"closed","ping_status":"closed","template":"","meta":{"footnotes":""},"class_list":["post-15","page","type-page","status-publish","hentry"],"_links":{"self":[{"href":"https:\/\/tramitesvisas.betto.com.mx\/index.php\/wp-json\/wp\/v2\/pages\/15","targetHints":{"allow":["GET"]}}],"collection":[{"href":"https:\/\/tramitesvisas.betto.com.mx\/index.php\/wp-json\/wp\/v2\/pages"}],"about":[{"href":"https:\/\/tramitesvisas.betto.com.mx\/index.php\/wp-json\/wp\/v2\/types\/page"}],"author":[{"embeddable":true,"href":"https:\/\/tramitesvisas.betto.com.mx\/index.php\/wp-json\/wp\/v2\/users\/1"}],"replies":[{"embeddable":true,"href":"https:\/\/tramitesvisas.betto.com.mx\/index.php\/wp-json\/wp\/v2\/comments?post=15"}],"version-history":[{"count":8,"href":"https:\/\/tramitesvisas.betto.com.mx\/index.php\/wp-json\/wp\/v2\/pages\/15\/revisions"}],"predecessor-version":[{"id":97,"href":"https:\/\/tramitesvisas.betto.com.mx\/index.php\/wp-json\/wp\/v2\/pages\/15\/revisions\/97"}],"wp:attachment":[{"href":"https:\/\/tramitesvisas.betto.com.mx\/index.php\/wp-json\/wp\/v2\/media?parent=15"}],"curies":[{"name":"wp","href":"https:\/\/api.w.org\/{rel}","templated":true}]}}