{"id":2,"date":"2023-02-23T13:56:32","date_gmt":"2023-02-23T13:56:32","guid":{"rendered":"https:\/\/tramitesvisas.betto.com.mx\/?page_id=2"},"modified":"2023-03-08T19:12:58","modified_gmt":"2023-03-08T19:12:58","slug":"sample-page","status":"publish","type":"page","link":"https:\/\/tramitesvisas.betto.com.mx\/index.php\/sample-page\/","title":{"rendered":"Requisitos"},"content":{"rendered":"<div class=\"wp-block-image\">\n<figure class=\"aligncenter size-full is-resized\"><img decoding=\"async\" src=\"https:\/\/tramitesvisas.betto.com.mx\/wp-content\/uploads\/2023\/03\/Flores-y-hojas-de-fondo-esposo-Imagen-cita-del-amor-2-1.png\" alt=\"\" class=\"wp-image-50\" width=\"-277\" height=\"-277\" srcset=\"https:\/\/tramitesvisas.betto.com.mx\/wp-content\/uploads\/2023\/03\/Flores-y-hojas-de-fondo-esposo-Imagen-cita-del-amor-2-1.png 800w, https:\/\/tramitesvisas.betto.com.mx\/wp-content\/uploads\/2023\/03\/Flores-y-hojas-de-fondo-esposo-Imagen-cita-del-amor-2-1-300x300.png 300w, https:\/\/tramitesvisas.betto.com.mx\/wp-content\/uploads\/2023\/03\/Flores-y-hojas-de-fondo-esposo-Imagen-cita-del-amor-2-1-150x150.png 150w, https:\/\/tramitesvisas.betto.com.mx\/wp-content\/uploads\/2023\/03\/Flores-y-hojas-de-fondo-esposo-Imagen-cita-del-amor-2-1-768x768.png 768w, https:\/\/tramitesvisas.betto.com.mx\/wp-content\/uploads\/2023\/03\/Flores-y-hojas-de-fondo-esposo-Imagen-cita-del-amor-2-1-100x100.png 100w\" sizes=\"(max-width: 800px) 100vw, 800px\" \/><\/figure>\n<\/div>\n\n\n<p class=\"has-text-align-center\"><strong><mark style=\"background-color:rgba(0, 0, 0, 0)\" class=\"has-inline-color has-vivid-red-color\">OTROS DOCUMENTOS<\/mark><\/strong><\/p>\n\n\n\n<p class=\"has-text-align-center\"><strong>Puede llevar sus documentos de apoyo para demostrar sus lazos en M\u00e9xico y el motivo de su viaje por ejemplo:&nbsp;una prueba de estudios, constancia de trabajo, carta invitaci\u00f3n, comprobante de pago de impuestos, c\u00e9dula fiscal, etc.<\/strong><\/p>\n\n\n\n<p class=\"has-text-align-center\"><mark style=\"background-color:#f6db94\" class=\"has-inline-color\"><strong>\u00c9stos documentos NO son obligatorios<\/strong>, <strong>sin embargo puede llevar los que apliquen en su caso.<\/strong><\/mark><\/p>\n\n\n<div class=\"wp-block-image\">\n<figure class=\"aligncenter size-large\"><img loading=\"lazy\" decoding=\"async\" width=\"1024\" height=\"576\" src=\"https:\/\/tramitesvisas.betto.com.mx\/wp-content\/uploads\/2023\/02\/Fondo-de-pantalla-para-computador-nude-2-1024x576.png\" alt=\"\" class=\"wp-image-45\" srcset=\"https:\/\/tramitesvisas.betto.com.mx\/wp-content\/uploads\/2023\/02\/Fondo-de-pantalla-para-computador-nude-2-1024x576.png 1024w, https:\/\/tramitesvisas.betto.com.mx\/wp-content\/uploads\/2023\/02\/Fondo-de-pantalla-para-computador-nude-2-300x169.png 300w, https:\/\/tramitesvisas.betto.com.mx\/wp-content\/uploads\/2023\/02\/Fondo-de-pantalla-para-computador-nude-2-768x432.png 768w, https:\/\/tramitesvisas.betto.com.mx\/wp-content\/uploads\/2023\/02\/Fondo-de-pantalla-para-computador-nude-2-1536x864.png 1536w, https:\/\/tramitesvisas.betto.com.mx\/wp-content\/uploads\/2023\/02\/Fondo-de-pantalla-para-computador-nude-2.png 1920w\" sizes=\"auto, (max-width: 1024px) 100vw, 1024px\" \/><\/figure>\n<\/div>\n\n\n<p class=\"has-text-align-center\"><mark style=\"background-color:rgba(0, 0, 0, 0)\" class=\"has-inline-color has-vivid-red-color\"><strong>RENOVACI\u00d3N DE VISA<\/strong><\/mark><\/p>\n\n\n\n<p class=\"has-text-align-center\"><strong>A parte de los otros requisitos anteriores deber\u00e1 presentar su Visa vencida el d\u00eda de sus citas. Si tiene menos de un a\u00f1o de vencida s\u00f3lo necesitar\u00e1 asistir a su cita de fotos y huellas, a\u00fan&nbsp;as\u00ed deber\u00e1 realizar el pago de su tr\u00e1mite a la embajada y&nbsp;realizar el llenado de su solicitud.&nbsp;<\/strong><\/p>\n\n\n\n<p> <\/p>\n\n\n\n<p><\/p>\n\n\n\n<p class=\"has-text-align-center\"><mark style=\"background-color:rgba(0, 0, 0, 0)\" class=\"has-inline-color has-vivid-red-color\"><strong>TR\u00c1MITE DE NI\u00d1OS DE 6 A\u00d1OS DE EDAD O MENORES<\/strong><\/mark><\/p>\n\n\n\n<p class=\"has-text-align-center\"><strong>No se requiere entrevista siempre y cuando: al menos uno de sus padres tenga visa vigente \u00f3 se encuentre renovando \u00f3 tramitando por primera vez al mismo tiempo que el menor.<\/strong><\/p>\n\n\n\n<p><\/p>\n\n\n\n<p><\/p>\n\n\n\n<p class=\"has-text-align-center\"><strong><mark style=\"background-color:rgba(0, 0, 0, 0)\" class=\"has-inline-color has-vivid-red-color\"> TR\u00c1MITE PARA PERSONAS MAYORES DE 80 A\u00d1OS DE EDAD<\/mark><\/strong><\/p>\n\n\n\n<p class=\"has-text-align-center\"><strong>No  se necesita entrevista siempre y cuando no haya sido arrestado o condenado por alg\u00fan delito, deportado de Estados Unidos o detenido por alguna patrulla fronteriza o aduana de los Estados Unidos.<\/strong><\/p>\n\n\n\n<p class=\"has-text-align-center\"><strong>Si necesita una opini\u00f3n sobre los Documentos de Apoyo que necesitar\u00e1 para su caso, escr\u00edbanos y con gusto uno de nuestros asesores le dar\u00e1 una recomendaci\u00f3n m\u00e1s personalizada.<\/strong><\/p>\n\n\n\n<p class=\"has-text-align-center\">N\u00famero :&nbsp;<a href=\"https:\/\/web.whatsapp.com\/\">777-565-48-85<\/a><\/p>\n\n\n\n<p class=\"has-text-align-center\">Correo:&nbsp;<a href=\"mailto:abvite76@gmail.com\">abvite76@gmail.com<\/a><\/p>\n","protected":false},"excerpt":{"rendered":"<p>OTROS DOCUMENTOS Puede llevar sus documentos de apoyo para demostrar sus lazos en M\u00e9xico y el motivo de su viaje por ejemplo:&nbsp;una prueba de estudios, constancia de trabajo, carta invitaci\u00f3n, comprobante de pago de impuestos, c\u00e9dula fiscal, etc. \u00c9stos documentos NO son obligatorios, sin embargo puede llevar los que apliquen en su caso. RENOVACI\u00d3N DE&#8230;<\/p>\n","protected":false},"author":1,"featured_media":0,"parent":0,"menu_order":0,"comment_status":"closed","ping_status":"closed","template":"","meta":{"footnotes":""},"class_list":["post-2","page","type-page","status-publish","hentry"],"_links":{"self":[{"href":"https:\/\/tramitesvisas.betto.com.mx\/index.php\/wp-json\/wp\/v2\/pages\/2","targetHints":{"allow":["GET"]}}],"collection":[{"href":"https:\/\/tramitesvisas.betto.com.mx\/index.php\/wp-json\/wp\/v2\/pages"}],"about":[{"href":"https:\/\/tramitesvisas.betto.com.mx\/index.php\/wp-json\/wp\/v2\/types\/page"}],"author":[{"embeddable":true,"href":"https:\/\/tramitesvisas.betto.com.mx\/index.php\/wp-json\/wp\/v2\/users\/1"}],"replies":[{"embeddable":true,"href":"https:\/\/tramitesvisas.betto.com.mx\/index.php\/wp-json\/wp\/v2\/comments?post=2"}],"version-history":[{"count":10,"href":"https:\/\/tramitesvisas.betto.com.mx\/index.php\/wp-json\/wp\/v2\/pages\/2\/revisions"}],"predecessor-version":[{"id":85,"href":"https:\/\/tramitesvisas.betto.com.mx\/index.php\/wp-json\/wp\/v2\/pages\/2\/revisions\/85"}],"wp:attachment":[{"href":"https:\/\/tramitesvisas.betto.com.mx\/index.php\/wp-json\/wp\/v2\/media?parent=2"}],"curies":[{"name":"wp","href":"https:\/\/api.w.org\/{rel}","templated":true}]}}