{"id":25,"date":"2023-02-28T16:07:17","date_gmt":"2023-02-28T16:07:17","guid":{"rendered":"https:\/\/tramitesvisas.betto.com.mx\/?page_id=25"},"modified":"2023-08-07T20:28:43","modified_gmt":"2023-08-07T20:28:43","slug":"aviso-de-privacidad","status":"publish","type":"page","link":"https:\/\/tramitesvisas.betto.com.mx\/index.php\/aviso-de-privacidad\/","title":{"rendered":"Aviso de Privacidad"},"content":{"rendered":"<div class=\"wp-block-image\">\n<figure class=\"aligncenter size-large is-resized\"><img loading=\"lazy\" decoding=\"async\" src=\"https:\/\/tramitesvisas.betto.com.mx\/wp-content\/uploads\/2023\/03\/Fondo-de-pantalla-para-pc-Frase-motivacional-Azul-y-blanco-1-1-1024x576.png\" alt=\"\" class=\"wp-image-78\" width=\"899\" height=\"505\" srcset=\"https:\/\/tramitesvisas.betto.com.mx\/wp-content\/uploads\/2023\/03\/Fondo-de-pantalla-para-pc-Frase-motivacional-Azul-y-blanco-1-1-1024x576.png 1024w, https:\/\/tramitesvisas.betto.com.mx\/wp-content\/uploads\/2023\/03\/Fondo-de-pantalla-para-pc-Frase-motivacional-Azul-y-blanco-1-1-300x169.png 300w, https:\/\/tramitesvisas.betto.com.mx\/wp-content\/uploads\/2023\/03\/Fondo-de-pantalla-para-pc-Frase-motivacional-Azul-y-blanco-1-1-768x432.png 768w, https:\/\/tramitesvisas.betto.com.mx\/wp-content\/uploads\/2023\/03\/Fondo-de-pantalla-para-pc-Frase-motivacional-Azul-y-blanco-1-1-1536x864.png 1536w, https:\/\/tramitesvisas.betto.com.mx\/wp-content\/uploads\/2023\/03\/Fondo-de-pantalla-para-pc-Frase-motivacional-Azul-y-blanco-1-1.png 1920w\" sizes=\"auto, (max-width: 899px) 100vw, 899px\" \/><\/figure>\n<\/div>\n\n\n<p>En cumplimiento a la Ley Federal de Protecci\u00f3n de Datos Personales en Posesi\u00f3n de los Particulares, nos comprometemos a proteger la privacidad de sus datos personales.<\/p>\n\n\n\n<p><mark style=\"background-color:#7896c1\" class=\"has-inline-color has-black-color\"><strong>ESTO HACEMOS CON LA INFORMACI\u00d3N<\/strong>:<\/mark><\/p>\n\n\n\n<p>Tus datos personales ser\u00e1n utilizados \u00fanicamente para las siguientes finalidades:<br>Informarle sobre nuevos productos o servicios que est\u00e9n relacionados con el contratado o adquirido por el cliente Informarle sobre pr\u00f3ximas promociones y estudios internos sobre h\u00e1bitos de consumo.<\/p>\n\n\n\n<p><strong><mark style=\"background-color:#7896c1\" class=\"has-inline-color\">INFORMACI\u00d3N RECABADA<\/mark><\/strong><\/p>\n\n\n\n<ul class=\"wp-block-list\">\n<li>Nombre completo<\/li>\n\n\n\n<li>Tel\u00e9fono<\/li>\n\n\n\n<li>Correo electr\u00f3nico<\/li>\n\n\n\n<li>Actividad que realiza<\/li>\n\n\n\n<li>Como se entero de nosotros<\/li>\n\n\n\n<li>Compa\u00f1\u00eda para la que trabaja<\/li>\n<\/ul>\n\n\n\n<p><\/p>\n\n\n\n<p><strong><mark style=\"background-color:#7896c1\" class=\"has-inline-color\">TRANSMISI\u00d3N DE SUS DATOS<\/mark><\/strong><\/p>\n\n\n\n<p>Nos comprometemos a no difundir su informaci\u00f3n personal a terceros sin su consentimiento como lo expresa el art\u00edculo 37 de la Ley de Protecci\u00f3n de Datos Personales en Posesi\u00f3n de Particulares, as\u00ed como fuera del pa\u00eds o por personas distintas a esta Empresa. No se realizar\u00e1n transferencias que contengan datos personales considerados por la Ley como sensibles salvo que se recabe previamente el consentimiento expreso del Titular. Los terceros que reciban la Informaci\u00f3n deber\u00e1n asumir previamente y por escrito, las mismas obligaciones respecto del manejo y cuidado de la Informaci\u00f3n que se establecen en este Aviso de Privacidad.<\/p>\n","protected":false},"excerpt":{"rendered":"<p>En cumplimiento a la Ley Federal de Protecci\u00f3n de Datos Personales en Posesi\u00f3n de los Particulares, nos comprometemos a proteger la privacidad de sus datos personales. ESTO HACEMOS CON LA INFORMACI\u00d3N: Tus datos personales ser\u00e1n utilizados \u00fanicamente para las siguientes finalidades:Informarle sobre nuevos productos o servicios que est\u00e9n relacionados con el contratado o adquirido por&#8230;<\/p>\n","protected":false},"author":1,"featured_media":0,"parent":0,"menu_order":0,"comment_status":"closed","ping_status":"closed","template":"","meta":{"footnotes":""},"class_list":["post-25","page","type-page","status-publish","hentry"],"_links":{"self":[{"href":"https:\/\/tramitesvisas.betto.com.mx\/index.php\/wp-json\/wp\/v2\/pages\/25","targetHints":{"allow":["GET"]}}],"collection":[{"href":"https:\/\/tramitesvisas.betto.com.mx\/index.php\/wp-json\/wp\/v2\/pages"}],"about":[{"href":"https:\/\/tramitesvisas.betto.com.mx\/index.php\/wp-json\/wp\/v2\/types\/page"}],"author":[{"embeddable":true,"href":"https:\/\/tramitesvisas.betto.com.mx\/index.php\/wp-json\/wp\/v2\/users\/1"}],"replies":[{"embeddable":true,"href":"https:\/\/tramitesvisas.betto.com.mx\/index.php\/wp-json\/wp\/v2\/comments?post=25"}],"version-history":[{"count":8,"href":"https:\/\/tramitesvisas.betto.com.mx\/index.php\/wp-json\/wp\/v2\/pages\/25\/revisions"}],"predecessor-version":[{"id":154,"href":"https:\/\/tramitesvisas.betto.com.mx\/index.php\/wp-json\/wp\/v2\/pages\/25\/revisions\/154"}],"wp:attachment":[{"href":"https:\/\/tramitesvisas.betto.com.mx\/index.php\/wp-json\/wp\/v2\/media?parent=25"}],"curies":[{"name":"wp","href":"https:\/\/api.w.org\/{rel}","templated":true}]}}